{"id":1902,"date":"2025-04-14T13:07:46","date_gmt":"2025-04-14T13:07:46","guid":{"rendered":"https:\/\/cpudigi.com\/?page_id=1902"},"modified":"2025-04-16T12:25:48","modified_gmt":"2025-04-16T10:25:48","slug":"polityka-prywatnosci","status":"publish","type":"page","link":"https:\/\/cpudigi.com\/en\/polityka-prywatnosci\/","title":{"rendered":"Privacy Policy"},"content":{"rendered":"<div class=\"wp-block-uagb-advanced-heading uagb-block-7149ebfe\"><h3 class=\"uagb-heading-text\"><strong>PRIVACY POLICY<\/strong><\/h3><\/div>\n\n\n\n<p><\/p>\n\n\n\n<p><\/p>\n\n\n\n<p><strong>1. Personal data administrator<\/strong><\/p>\n\n\n\n<p>The administrator of your personal data is Jan Stelmaszyk, CPU Digital Jan Stelmaszyk, e-mail: jan@cpudigi.com.<\/p>\n\n\n\n<p><strong>2. What data do we process?<\/strong><\/p>\n\n\n\n<ul class=\"wp-block-list\">\n<li>Data provided voluntarily in the contact form (name, e-mail, message content).<\/li>\n\n\n\n<li>Data collected automatically using cookies (IP address, browser data, time spent on the website, clicks, etc.).<\/li>\n<\/ul>\n\n\n\n<p><strong>3. Purpose of data processing<\/strong><\/p>\n\n\n\n<ul class=\"wp-block-list\">\n<li>Responding to inquiries submitted via the form.<\/li>\n\n\n\n<li>Conducting statistics and analytics (Google Analytics, Hotjar).<\/li>\n\n\n\n<li>Remarketing and advertising (Google Ads).<\/li>\n\n\n\n<li>Website performance optimization (Google Tag Manager).<\/li>\n<\/ul>\n\n\n\n<p><strong>4. Legal basis for processing<\/strong><\/p>\n\n\n\n<ul class=\"wp-block-list\">\n<li>Art. 6 sec. 1 letter f GDPR \u2013 legitimate interest of the controller (e.g. analysis of user behaviour).<\/li>\n\n\n\n<li>Art. 6 sec. 1 letter a GDPR \u2013 user consent (in the case of cookies and marketing).<\/li>\n<\/ul>\n\n\n\n<p><strong>5. Cookies<\/strong><\/p>\n\n\n\n<p>The website uses cookies to ensure proper operation, statistics and personalize advertising content. You can change cookie settings in your browser.<\/p>\n\n\n\n<p><strong>6. Analytical and marketing tools<\/strong><\/p>\n\n\n\n<p>We use tools such as:<\/p>\n\n\n\n<ul class=\"wp-block-list\">\n<li>Google Analytics (statistics)<\/li>\n\n\n\n<li>Google Tag Manager (tag management)<\/li>\n\n\n\n<li>Google Ads (remarketing)<\/li>\n\n\n\n<li>Hotjar (user behavior analysis)<\/li>\n<\/ul>\n\n\n\n<p><strong>7. Data storage period<\/strong><\/p>\n\n\n\n<p>Personal data is stored for the period necessary to achieve the purpose of the contact or until the consent is withdrawn, if given.<\/p>\n\n\n\n<p><strong>8. Your rights<\/strong><\/p>\n\n\n\n<p>You have the right to:<\/p>\n\n\n\n<ul class=\"wp-block-list\">\n<li>access to your data,<\/li>\n\n\n\n<li>rectification of data,<\/li>\n\n\n\n<li>request their removal,<\/li>\n\n\n\n<li>processing restrictions,<\/li>\n\n\n\n<li>filing an objection,<\/li>\n\n\n\n<li>data transfer. You also have the right to file a complaint with the President of the UODO.<\/li>\n<\/ul>\n\n\n\n<p><strong>9. Contact regarding personal data<\/strong><\/p>\n\n\n\n<p>In matters concerning the processing of personal data, please contact: jan@cpudigi.com.<\/p>","protected":false},"excerpt":{"rendered":"<p>POLITYKA PRYWATNO\u015aCI 1. Administrator danych osobowych Administratorem Twoich danych osobowych jest Jan Stelmaszyk, CPU Digital Jan Stelmaszyk, e-mail: jan@cpudigi.com. 2. Jakie dane przetwarzamy 3. Cel przetwarzania danych 4. Podstawy prawne przetwarzania 5. Pliki cookies Strona wykorzystuje pliki cookies w celu zapewnienia prawid\u0142owego dzia\u0142ania, prowadzenia statystyk oraz personalizacji tre\u015bci reklamowych. Mo\u017cesz zmieni\u0107 ustawienia cookies w swojej [&hellip;]<\/p>\n","protected":false},"author":1,"featured_media":0,"parent":0,"menu_order":0,"comment_status":"closed","ping_status":"closed","template":"","meta":{"_uag_custom_page_level_css":"","site-sidebar-layout":"default","site-content-layout":"","ast-site-content-layout":"default","site-content-style":"default","site-sidebar-style":"default","ast-global-header-display":"","ast-banner-title-visibility":"","ast-main-header-display":"","ast-hfb-above-header-display":"","ast-hfb-below-header-display":"","ast-hfb-mobile-header-display":"","site-post-title":"","ast-breadcrumbs-content":"","ast-featured-img":"","footer-sml-layout":"","ast-disable-related-posts":"","theme-transparent-header-meta":"","adv-header-id-meta":"","stick-header-meta":"","header-above-stick-meta":"","header-main-stick-meta":"","header-below-stick-meta":"","astra-migrate-meta-layouts":"set","ast-page-background-enabled":"default","ast-page-background-meta":{"desktop":{"background-color":"var(--ast-global-color-4)","background-image":"","background-repeat":"repeat","background-position":"center center","background-size":"auto","background-attachment":"scroll","background-type":"","background-media":"","overlay-type":"","overlay-color":"","overlay-opacity":"","overlay-gradient":""},"tablet":{"background-color":"","background-image":"","background-repeat":"repeat","background-position":"center center","background-size":"auto","background-attachment":"scroll","background-type":"","background-media":"","overlay-type":"","overlay-color":"","overlay-opacity":"","overlay-gradient":""},"mobile":{"background-color":"","background-image":"","background-repeat":"repeat","background-position":"center center","background-size":"auto","background-attachment":"scroll","background-type":"","background-media":"","overlay-type":"","overlay-color":"","overlay-opacity":"","overlay-gradient":""}},"ast-content-background-meta":{"desktop":{"background-color":"var(--ast-global-color-5)","background-image":"","background-repeat":"repeat","background-position":"center center","background-size":"auto","background-attachment":"scroll","background-type":"","background-media":"","overlay-type":"","overlay-color":"","overlay-opacity":"","overlay-gradient":""},"tablet":{"background-color":"var(--ast-global-color-5)","background-image":"","background-repeat":"repeat","background-position":"center center","background-size":"auto","background-attachment":"scroll","background-type":"","background-media":"","overlay-type":"","overlay-color":"","overlay-opacity":"","overlay-gradient":""},"mobile":{"background-color":"var(--ast-global-color-5)","background-image":"","background-repeat":"repeat","background-position":"center center","background-size":"auto","background-attachment":"scroll","background-type":"","background-media":"","overlay-type":"","overlay-color":"","overlay-opacity":"","overlay-gradient":""}},"footnotes":""},"class_list":["post-1902","page","type-page","status-publish","hentry"],"yoast_head":"<!-- This site is optimized with the Yoast SEO plugin v27.4 - https:\/\/yoast.com\/product\/yoast-seo-wordpress\/ -->\n<title>Polityka prywatno\u015bci | CPU Digital<\/title>\n<meta name=\"robots\" content=\"index, follow, max-snippet:-1, max-image-preview:large, max-video-preview:-1\" \/>\n<link rel=\"canonical\" href=\"https:\/\/cpudigi.com\/en\/polityka-prywatnosci\/\" \/>\n<meta property=\"og:locale\" content=\"en_US\" \/>\n<meta property=\"og:type\" content=\"article\" \/>\n<meta property=\"og:title\" content=\"Polityka prywatno\u015bci | CPU Digital\" \/>\n<meta property=\"og:description\" content=\"POLITYKA PRYWATNO\u015aCI 1. Administrator danych osobowych Administratorem Twoich danych osobowych jest Jan Stelmaszyk, CPU Digital Jan Stelmaszyk, e-mail: jan@cpudigi.com. 2. Jakie dane przetwarzamy 3. Cel przetwarzania danych 4. Podstawy prawne przetwarzania 5. Pliki cookies Strona wykorzystuje pliki cookies w celu zapewnienia prawid\u0142owego dzia\u0142ania, prowadzenia statystyk oraz personalizacji tre\u015bci reklamowych. Mo\u017cesz zmieni\u0107 ustawienia cookies w swojej [&hellip;]\" \/>\n<meta property=\"og:url\" content=\"https:\/\/cpudigi.com\/en\/polityka-prywatnosci\/\" \/>\n<meta property=\"og:site_name\" content=\"CPU Digital\" \/>\n<meta property=\"article:modified_time\" content=\"2025-04-16T10:25:48+00:00\" \/>\n<meta property=\"og:image\" content=\"https:\/\/cpudigi.com\/wp-content\/uploads\/2025\/04\/Untitled-design-20.png\" \/>\n\t<meta property=\"og:image:width\" content=\"320\" \/>\n\t<meta property=\"og:image:height\" content=\"320\" \/>\n\t<meta property=\"og:image:type\" content=\"image\/png\" \/>\n<meta name=\"twitter:card\" content=\"summary_large_image\" \/>\n<meta name=\"twitter:label1\" content=\"Est. reading time\" \/>\n\t<meta name=\"twitter:data1\" content=\"1 minute\" \/>\n<script type=\"application\/ld+json\" class=\"yoast-schema-graph\">{\"@context\":\"https:\\\/\\\/schema.org\",\"@graph\":[{\"@type\":\"WebPage\",\"@id\":\"https:\\\/\\\/cpudigi.com\\\/polityka-prywatnosci\\\/\",\"url\":\"https:\\\/\\\/cpudigi.com\\\/polityka-prywatnosci\\\/\",\"name\":\"Polityka prywatno\u015bci | CPU Digital\",\"isPartOf\":{\"@id\":\"https:\\\/\\\/cpudigi.com\\\/#website\"},\"datePublished\":\"2025-04-14T13:07:46+00:00\",\"dateModified\":\"2025-04-16T10:25:48+00:00\",\"breadcrumb\":{\"@id\":\"https:\\\/\\\/cpudigi.com\\\/polityka-prywatnosci\\\/#breadcrumb\"},\"inLanguage\":\"en-US\",\"potentialAction\":[{\"@type\":\"ReadAction\",\"target\":[\"https:\\\/\\\/cpudigi.com\\\/polityka-prywatnosci\\\/\"]}]},{\"@type\":\"BreadcrumbList\",\"@id\":\"https:\\\/\\\/cpudigi.com\\\/polityka-prywatnosci\\\/#breadcrumb\",\"itemListElement\":[{\"@type\":\"ListItem\",\"position\":1,\"name\":\"Strona g\u0142\u00f3wna\",\"item\":\"https:\\\/\\\/cpudigi.com\\\/\"},{\"@type\":\"ListItem\",\"position\":2,\"name\":\"Polityka prywatno\u015bci\"}]},{\"@type\":\"WebSite\",\"@id\":\"https:\\\/\\\/cpudigi.com\\\/#website\",\"url\":\"https:\\\/\\\/cpudigi.com\\\/\",\"name\":\"CPU Digital\",\"description\":\"Strategia. Technologia. Wzrost.\",\"publisher\":{\"@id\":\"https:\\\/\\\/cpudigi.com\\\/#organization\"},\"alternateName\":\"CPU Digital | Jan Stelmaszyk\",\"potentialAction\":[{\"@type\":\"SearchAction\",\"target\":{\"@type\":\"EntryPoint\",\"urlTemplate\":\"https:\\\/\\\/cpudigi.com\\\/?s={search_term_string}\"},\"query-input\":{\"@type\":\"PropertyValueSpecification\",\"valueRequired\":true,\"valueName\":\"search_term_string\"}}],\"inLanguage\":\"en-US\"},{\"@type\":\"Organization\",\"@id\":\"https:\\\/\\\/cpudigi.com\\\/#organization\",\"name\":\"CPU Digital Jan Stelmaszyk\",\"alternateName\":\"CPU Digital\",\"url\":\"https:\\\/\\\/cpudigi.com\\\/\",\"logo\":{\"@type\":\"ImageObject\",\"inLanguage\":\"en-US\",\"@id\":\"https:\\\/\\\/cpudigi.com\\\/#\\\/schema\\\/logo\\\/image\\\/\",\"url\":\"https:\\\/\\\/cpudigi.com\\\/wp-content\\\/uploads\\\/2025\\\/04\\\/Untitled-design-15.png\",\"contentUrl\":\"https:\\\/\\\/cpudigi.com\\\/wp-content\\\/uploads\\\/2025\\\/04\\\/Untitled-design-15.png\",\"width\":2048,\"height\":468,\"caption\":\"CPU Digital Jan Stelmaszyk\"},\"image\":{\"@id\":\"https:\\\/\\\/cpudigi.com\\\/#\\\/schema\\\/logo\\\/image\\\/\"},\"sameAs\":[\"https:\\\/\\\/www.instagram.com\\\/cpudigi\\\/\",\"https:\\\/\\\/www.linkedin.com\\\/company\\\/cpudigital\"]}]}<\/script>\n<!-- \/ Yoast SEO plugin. -->","yoast_head_json":{"title":"Privacy Policy | CPU Digital","robots":{"index":"index","follow":"follow","max-snippet":"max-snippet:-1","max-image-preview":"max-image-preview:large","max-video-preview":"max-video-preview:-1"},"canonical":"https:\/\/cpudigi.com\/en\/polityka-prywatnosci\/","og_locale":"en_US","og_type":"article","og_title":"Polityka prywatno\u015bci | CPU Digital","og_description":"POLITYKA PRYWATNO\u015aCI 1. Administrator danych osobowych Administratorem Twoich danych osobowych jest Jan Stelmaszyk, CPU Digital Jan Stelmaszyk, e-mail: jan@cpudigi.com. 2. Jakie dane przetwarzamy 3. Cel przetwarzania danych 4. Podstawy prawne przetwarzania 5. Pliki cookies Strona wykorzystuje pliki cookies w celu zapewnienia prawid\u0142owego dzia\u0142ania, prowadzenia statystyk oraz personalizacji tre\u015bci reklamowych. Mo\u017cesz zmieni\u0107 ustawienia cookies w swojej [&hellip;]","og_url":"https:\/\/cpudigi.com\/en\/polityka-prywatnosci\/","og_site_name":"CPU Digital","article_modified_time":"2025-04-16T10:25:48+00:00","og_image":[{"width":320,"height":320,"url":"https:\/\/cpudigi.com\/wp-content\/uploads\/2025\/04\/Untitled-design-20.png","type":"image\/png"}],"twitter_card":"summary_large_image","twitter_misc":{"Est. reading time":"1 minute"},"schema":{"@context":"https:\/\/schema.org","@graph":[{"@type":"WebPage","@id":"https:\/\/cpudigi.com\/polityka-prywatnosci\/","url":"https:\/\/cpudigi.com\/polityka-prywatnosci\/","name":"Privacy Policy | CPU Digital","isPartOf":{"@id":"https:\/\/cpudigi.com\/#website"},"datePublished":"2025-04-14T13:07:46+00:00","dateModified":"2025-04-16T10:25:48+00:00","breadcrumb":{"@id":"https:\/\/cpudigi.com\/polityka-prywatnosci\/#breadcrumb"},"inLanguage":"en-US","potentialAction":[{"@type":"ReadAction","target":["https:\/\/cpudigi.com\/polityka-prywatnosci\/"]}]},{"@type":"BreadcrumbList","@id":"https:\/\/cpudigi.com\/polityka-prywatnosci\/#breadcrumb","itemListElement":[{"@type":"ListItem","position":1,"name":"Strona g\u0142\u00f3wna","item":"https:\/\/cpudigi.com\/"},{"@type":"ListItem","position":2,"name":"Polityka prywatno\u015bci"}]},{"@type":"WebSite","@id":"https:\/\/cpudigi.com\/#website","url":"https:\/\/cpudigi.com\/","name":"CPU Digital","description":"Strategy. Technology. Growth.","publisher":{"@id":"https:\/\/cpudigi.com\/#organization"},"alternateName":"CPU Digital | Jan Stelmaszyk","potentialAction":[{"@type":"SearchAction","target":{"@type":"EntryPoint","urlTemplate":"https:\/\/cpudigi.com\/?s={search_term_string}"},"query-input":{"@type":"PropertyValueSpecification","valueRequired":true,"valueName":"search_term_string"}}],"inLanguage":"en-US"},{"@type":"Organization","@id":"https:\/\/cpudigi.com\/#organization","name":"CPU Digital Jan Stelmaszyk","alternateName":"CPU Digital","url":"https:\/\/cpudigi.com\/","logo":{"@type":"ImageObject","inLanguage":"en-US","@id":"https:\/\/cpudigi.com\/#\/schema\/logo\/image\/","url":"https:\/\/cpudigi.com\/wp-content\/uploads\/2025\/04\/Untitled-design-15.png","contentUrl":"https:\/\/cpudigi.com\/wp-content\/uploads\/2025\/04\/Untitled-design-15.png","width":2048,"height":468,"caption":"CPU Digital Jan Stelmaszyk"},"image":{"@id":"https:\/\/cpudigi.com\/#\/schema\/logo\/image\/"},"sameAs":["https:\/\/www.instagram.com\/cpudigi\/","https:\/\/www.linkedin.com\/company\/cpudigital"]}]}},"uagb_featured_image_src":{"full":false,"thumbnail":false,"medium":false,"medium_large":false,"large":false,"1536x1536":false,"2048x2048":false,"trp-custom-language-flag":false},"uagb_author_info":{"display_name":"jan@cpudigi.com","author_link":"https:\/\/cpudigi.com\/en\/author\/jancpudigi-com\/"},"uagb_comment_info":0,"uagb_excerpt":"POLITYKA PRYWATNO\u015aCI 1. Administrator danych osobowych Administratorem Twoich danych osobowych jest Jan Stelmaszyk, CPU Digital Jan Stelmaszyk, e-mail: jan@cpudigi.com. 2. Jakie dane przetwarzamy 3. Cel przetwarzania danych 4. Podstawy prawne przetwarzania 5. Pliki cookies Strona wykorzystuje pliki cookies w celu zapewnienia prawid\u0142owego dzia\u0142ania, prowadzenia statystyk oraz personalizacji tre\u015bci reklamowych. Mo\u017cesz zmieni\u0107 ustawienia cookies w swojej&hellip;","_links":{"self":[{"href":"https:\/\/cpudigi.com\/en\/wp-json\/wp\/v2\/pages\/1902","targetHints":{"allow":["GET"]}}],"collection":[{"href":"https:\/\/cpudigi.com\/en\/wp-json\/wp\/v2\/pages"}],"about":[{"href":"https:\/\/cpudigi.com\/en\/wp-json\/wp\/v2\/types\/page"}],"author":[{"embeddable":true,"href":"https:\/\/cpudigi.com\/en\/wp-json\/wp\/v2\/users\/1"}],"replies":[{"embeddable":true,"href":"https:\/\/cpudigi.com\/en\/wp-json\/wp\/v2\/comments?post=1902"}],"version-history":[{"count":6,"href":"https:\/\/cpudigi.com\/en\/wp-json\/wp\/v2\/pages\/1902\/revisions"}],"predecessor-version":[{"id":2230,"href":"https:\/\/cpudigi.com\/en\/wp-json\/wp\/v2\/pages\/1902\/revisions\/2230"}],"wp:attachment":[{"href":"https:\/\/cpudigi.com\/en\/wp-json\/wp\/v2\/media?parent=1902"}],"curies":[{"name":"wp","href":"https:\/\/api.w.org\/{rel}","templated":true}]}}